{"id":107,"date":"2019-09-07T17:53:07","date_gmt":"2019-09-07T15:53:07","guid":{"rendered":"http:\/\/shop.likepaperbags.de\/?page_id=107"},"modified":"2025-01-02T12:29:54","modified_gmt":"2025-01-02T11:29:54","slug":"lookbook","status":"publish","type":"page","link":"https:\/\/likepaperbags.de\/en\/lookbook\/","title":{"rendered":"LOOKBOOK"},"content":{"rendered":"<p class=\"has-text-color has-link-color wp-elements-df1333f1003805d1f17ed2a3ee278129\" style=\"color:#b3b3b3\"><em>Beim Klick auf die Oberbegriffe werdet Ihr zu den Detailseiten mit Produktbeschreibungen weitergeleitet, mit Klick auf die Fotos werden die Fotos gr\u00f6sser gezeigt.<\/em><\/p>\n\n\n\n<h2 class=\"wp-block-heading\" id=\"taschen\"><a href=\"https:\/\/likepaperbags.de\/en\/lookbook\/taschen\/\">Bags<\/a><\/h2>\n\n\n\n<div class=\"wp-block-columns is-layout-flex wp-container-core-columns-is-layout-9d6595d7 wp-block-columns-is-layout-flex\">\n<div class=\"wp-block-column is-layout-flow wp-block-column-is-layout-flow\">\n<figure class=\"wp-block-image size-large\"><img loading=\"lazy\" decoding=\"async\" width=\"768\" height=\"1024\" src=\"https:\/\/likepaperbags.de\/wp-content\/uploads\/2020\/09\/BOLLE-sand-TxBr-1a_1200-768x1024.jpg\" alt=\"BOLLE Shopper\" class=\"wp-image-348\" srcset=\"https:\/\/likepaperbags.de\/wp-content\/uploads\/2020\/09\/BOLLE-sand-TxBr-1a_1200-768x1024.jpg 768w, https:\/\/likepaperbags.de\/wp-content\/uploads\/2020\/09\/BOLLE-sand-TxBr-1a_1200-225x300.jpg 225w, https:\/\/likepaperbags.de\/wp-content\/uploads\/2020\/09\/BOLLE-sand-TxBr-1a_1200.jpg 900w\" sizes=\"auto, (max-width: 768px) 100vw, 768px\" \/><figcaption class=\"wp-element-caption\">BOLLE<\/figcaption><\/figure>\n<\/div>\n\n\n\n<div class=\"wp-block-column is-layout-flow wp-block-column-is-layout-flow\">\n<figure class=\"wp-block-image size-large\"><img loading=\"lazy\" decoding=\"async\" width=\"768\" height=\"1024\" src=\"https:\/\/likepaperbags.de\/wp-content\/uploads\/2020\/09\/CARRIE-M-anthra-schokoVT-3a_900-768x1024.jpg\" alt=\"CARRIE.M\" class=\"wp-image-362\" srcset=\"https:\/\/likepaperbags.de\/wp-content\/uploads\/2020\/09\/CARRIE-M-anthra-schokoVT-3a_900-768x1024.jpg 768w, https:\/\/likepaperbags.de\/wp-content\/uploads\/2020\/09\/CARRIE-M-anthra-schokoVT-3a_900-225x300.jpg 225w, https:\/\/likepaperbags.de\/wp-content\/uploads\/2020\/09\/CARRIE-M-anthra-schokoVT-3a_900.jpg 900w\" sizes=\"auto, (max-width: 768px) 100vw, 768px\" \/><figcaption class=\"wp-element-caption\">CARRIE.M<\/figcaption><\/figure>\n<\/div>\n\n\n\n<div class=\"wp-block-column is-layout-flow wp-block-column-is-layout-flow\">\n<figure class=\"wp-block-image size-large\"><img loading=\"lazy\" decoding=\"async\" width=\"768\" height=\"1024\" src=\"https:\/\/likepaperbags.de\/wp-content\/uploads\/2020\/09\/AKIRA-anthra-TxDgRec-1_1200-1-768x1024.jpg\" alt=\"AKIRA\" class=\"wp-image-582\" srcset=\"https:\/\/likepaperbags.de\/wp-content\/uploads\/2020\/09\/AKIRA-anthra-TxDgRec-1_1200-1-768x1024.jpg 768w, https:\/\/likepaperbags.de\/wp-content\/uploads\/2020\/09\/AKIRA-anthra-TxDgRec-1_1200-1-225x300.jpg 225w, https:\/\/likepaperbags.de\/wp-content\/uploads\/2020\/09\/AKIRA-anthra-TxDgRec-1_1200-1.jpg 900w\" sizes=\"auto, (max-width: 768px) 100vw, 768px\" \/><figcaption class=\"wp-element-caption\">AKIRA<\/figcaption><\/figure>\n<\/div>\n<\/div>\n\n\n\n<div class=\"wp-block-columns is-layout-flex wp-container-core-columns-is-layout-9d6595d7 wp-block-columns-is-layout-flex\">\n<div class=\"wp-block-column is-layout-flow wp-block-column-is-layout-flow\">\n<figure class=\"wp-block-image size-large\"><img loading=\"lazy\" decoding=\"async\" width=\"768\" height=\"1024\" src=\"https:\/\/likepaperbags.de\/wp-content\/uploads\/2020\/09\/CARRIE-stone-anthra-1a_1200-768x1024.jpg\" alt=\"\" class=\"wp-image-371\" srcset=\"https:\/\/likepaperbags.de\/wp-content\/uploads\/2020\/09\/CARRIE-stone-anthra-1a_1200-768x1024.jpg 768w, https:\/\/likepaperbags.de\/wp-content\/uploads\/2020\/09\/CARRIE-stone-anthra-1a_1200-225x300.jpg 225w, https:\/\/likepaperbags.de\/wp-content\/uploads\/2020\/09\/CARRIE-stone-anthra-1a_1200.jpg 900w\" sizes=\"auto, (max-width: 768px) 100vw, 768px\" \/><figcaption class=\"wp-element-caption\">CARRIE.L<\/figcaption><\/figure>\n<\/div>\n\n\n\n<div class=\"wp-block-column is-layout-flow wp-block-column-is-layout-flow\">\n<figure class=\"wp-block-image size-large\"><img loading=\"lazy\" decoding=\"async\" width=\"768\" height=\"1024\" src=\"https:\/\/likepaperbags.de\/wp-content\/uploads\/2020\/09\/CARRIE-S-koralle-2_900-768x1024.jpg\" alt=\"CARRIE.S\" class=\"wp-image-363\" srcset=\"https:\/\/likepaperbags.de\/wp-content\/uploads\/2020\/09\/CARRIE-S-koralle-2_900-768x1024.jpg 768w, https:\/\/likepaperbags.de\/wp-content\/uploads\/2020\/09\/CARRIE-S-koralle-2_900-225x300.jpg 225w, https:\/\/likepaperbags.de\/wp-content\/uploads\/2020\/09\/CARRIE-S-koralle-2_900.jpg 900w\" sizes=\"auto, (max-width: 768px) 100vw, 768px\" \/><figcaption class=\"wp-element-caption\">CARRIE.S<\/figcaption><\/figure>\n<\/div>\n\n\n\n<div class=\"wp-block-column is-layout-flow wp-block-column-is-layout-flow\">\n<figure class=\"wp-block-image size-large\"><img loading=\"lazy\" decoding=\"async\" width=\"768\" height=\"1024\" src=\"https:\/\/likepaperbags.de\/wp-content\/uploads\/2020\/09\/PALOMA-schoko-TxBr-1_1200-768x1024.jpg\" alt=\"PALOMA\" class=\"wp-image-350\" srcset=\"https:\/\/likepaperbags.de\/wp-content\/uploads\/2020\/09\/PALOMA-schoko-TxBr-1_1200-768x1024.jpg 768w, https:\/\/likepaperbags.de\/wp-content\/uploads\/2020\/09\/PALOMA-schoko-TxBr-1_1200-225x300.jpg 225w, https:\/\/likepaperbags.de\/wp-content\/uploads\/2020\/09\/PALOMA-schoko-TxBr-1_1200.jpg 900w\" sizes=\"auto, (max-width: 768px) 100vw, 768px\" \/><figcaption class=\"wp-element-caption\">PALOMA<\/figcaption><\/figure>\n<\/div>\n<\/div>\n\n\n\n<div style=\"height:40px\" aria-hidden=\"true\" class=\"wp-block-spacer\"><\/div>\n\n\n\n<h2 class=\"wp-block-heading\" id=\"rucksacke-convertibles\"><a href=\"https:\/\/likepaperbags.de\/en\/lookbook\/rucksaecke_convertibles\/\">Backpacks &amp; Convertibles<\/a><\/h2>\n\n\n\n<div class=\"wp-block-columns is-layout-flex wp-container-core-columns-is-layout-9d6595d7 wp-block-columns-is-layout-flex\">\n<div class=\"wp-block-column is-layout-flow wp-block-column-is-layout-flow\">\n<figure class=\"wp-block-image size-large\"><img loading=\"lazy\" decoding=\"async\" width=\"768\" height=\"1024\" src=\"https:\/\/likepaperbags.de\/wp-content\/uploads\/2020\/09\/ELIAS-2-anthraVt-TxDgrRec-1a_1200-768x1024.jpg\" alt=\"ELIAS\" class=\"wp-image-391\" srcset=\"https:\/\/likepaperbags.de\/wp-content\/uploads\/2020\/09\/ELIAS-2-anthraVt-TxDgrRec-1a_1200-768x1024.jpg 768w, https:\/\/likepaperbags.de\/wp-content\/uploads\/2020\/09\/ELIAS-2-anthraVt-TxDgrRec-1a_1200-225x300.jpg 225w, https:\/\/likepaperbags.de\/wp-content\/uploads\/2020\/09\/ELIAS-2-anthraVt-TxDgrRec-1a_1200.jpg 900w\" sizes=\"auto, (max-width: 768px) 100vw, 768px\" \/><figcaption class=\"wp-element-caption\">ELIAS<\/figcaption><\/figure>\n<\/div>\n\n\n\n<div class=\"wp-block-column is-layout-flow wp-block-column-is-layout-flow\">\n<figure class=\"wp-block-image size-large\"><img loading=\"lazy\" decoding=\"async\" width=\"768\" height=\"1024\" src=\"https:\/\/likepaperbags.de\/wp-content\/uploads\/2020\/09\/FELIX-khaki-anthra-TxGr-2_1200-768x1024.jpg\" alt=\"FELIX\" class=\"wp-image-389\" srcset=\"https:\/\/likepaperbags.de\/wp-content\/uploads\/2020\/09\/FELIX-khaki-anthra-TxGr-2_1200-768x1024.jpg 768w, https:\/\/likepaperbags.de\/wp-content\/uploads\/2020\/09\/FELIX-khaki-anthra-TxGr-2_1200-225x300.jpg 225w, https:\/\/likepaperbags.de\/wp-content\/uploads\/2020\/09\/FELIX-khaki-anthra-TxGr-2_1200.jpg 900w\" sizes=\"auto, (max-width: 768px) 100vw, 768px\" \/><figcaption class=\"wp-element-caption\">FELIX<\/figcaption><\/figure>\n<\/div>\n\n\n\n<div class=\"wp-block-column is-layout-flow wp-block-column-is-layout-flow\">\n<figure class=\"wp-block-image size-large\"><img loading=\"lazy\" decoding=\"async\" width=\"768\" height=\"1024\" src=\"https:\/\/likepaperbags.de\/wp-content\/uploads\/2020\/09\/CARRIE-sand-1a_1200-768x1024.jpg\" alt=\"CARRIE.L\" class=\"wp-image-595\" srcset=\"https:\/\/likepaperbags.de\/wp-content\/uploads\/2020\/09\/CARRIE-sand-1a_1200-768x1024.jpg 768w, https:\/\/likepaperbags.de\/wp-content\/uploads\/2020\/09\/CARRIE-sand-1a_1200-225x300.jpg 225w, https:\/\/likepaperbags.de\/wp-content\/uploads\/2020\/09\/CARRIE-sand-1a_1200.jpg 900w\" sizes=\"auto, (max-width: 768px) 100vw, 768px\" \/><figcaption class=\"wp-element-caption\">CARRIE.L<\/figcaption><\/figure>\n<\/div>\n<\/div>\n\n\n\n<div style=\"height:40px\" aria-hidden=\"true\" class=\"wp-block-spacer\"><\/div>\n\n\n\n<h2 class=\"wp-block-heading\" id=\"borsen-etuis\"><a href=\"https:\/\/likepaperbags.de\/en\/lookbook\/boersen-und-etuis\/\">B\u00f6rsen &amp; Etuis<\/a><\/h2>\n\n\n\n<div class=\"wp-block-columns is-layout-flex wp-container-core-columns-is-layout-9d6595d7 wp-block-columns-is-layout-flex\">\n<div class=\"wp-block-column is-layout-flow wp-block-column-is-layout-flow\">\n<figure class=\"wp-block-image size-large\"><img loading=\"lazy\" decoding=\"async\" width=\"768\" height=\"1024\" src=\"https:\/\/likepaperbags.de\/wp-content\/uploads\/2020\/09\/DAISYzwei-schoko-2x_900-768x1024.jpg\" alt=\"DAISY\" class=\"wp-image-401\" srcset=\"https:\/\/likepaperbags.de\/wp-content\/uploads\/2020\/09\/DAISYzwei-schoko-2x_900-768x1024.jpg 768w, https:\/\/likepaperbags.de\/wp-content\/uploads\/2020\/09\/DAISYzwei-schoko-2x_900-225x300.jpg 225w, https:\/\/likepaperbags.de\/wp-content\/uploads\/2020\/09\/DAISYzwei-schoko-2x_900.jpg 900w\" sizes=\"auto, (max-width: 768px) 100vw, 768px\" \/><figcaption class=\"wp-element-caption\">DAISY<\/figcaption><\/figure>\n<\/div>\n\n\n\n<div class=\"wp-block-column is-layout-flow wp-block-column-is-layout-flow\">\n<figure class=\"wp-block-image size-large\"><img loading=\"lazy\" decoding=\"async\" width=\"768\" height=\"1024\" src=\"https:\/\/likepaperbags.de\/wp-content\/uploads\/2020\/09\/DONALD-stone-GuStgr-2x_900-768x1024.jpg\" alt=\"DONALD\" class=\"wp-image-402\" srcset=\"https:\/\/likepaperbags.de\/wp-content\/uploads\/2020\/09\/DONALD-stone-GuStgr-2x_900-768x1024.jpg 768w, https:\/\/likepaperbags.de\/wp-content\/uploads\/2020\/09\/DONALD-stone-GuStgr-2x_900-225x300.jpg 225w, https:\/\/likepaperbags.de\/wp-content\/uploads\/2020\/09\/DONALD-stone-GuStgr-2x_900.jpg 900w\" sizes=\"auto, (max-width: 768px) 100vw, 768px\" \/><figcaption class=\"wp-element-caption\">DONALD<\/figcaption><\/figure>\n<\/div>\n\n\n\n<div class=\"wp-block-column is-layout-flow wp-block-column-is-layout-flow\">\n<figure class=\"wp-block-image size-large\"><img loading=\"lazy\" decoding=\"async\" width=\"768\" height=\"1024\" src=\"https:\/\/likepaperbags.de\/wp-content\/uploads\/2020\/09\/GALEA-S-stone-schoko_900-768x1024.jpg\" alt=\"GALEA\" class=\"wp-image-398\" srcset=\"https:\/\/likepaperbags.de\/wp-content\/uploads\/2020\/09\/GALEA-S-stone-schoko_900-768x1024.jpg 768w, https:\/\/likepaperbags.de\/wp-content\/uploads\/2020\/09\/GALEA-S-stone-schoko_900-225x300.jpg 225w, https:\/\/likepaperbags.de\/wp-content\/uploads\/2020\/09\/GALEA-S-stone-schoko_900.jpg 900w\" sizes=\"auto, (max-width: 768px) 100vw, 768px\" \/><figcaption class=\"wp-element-caption\">GALEA<\/figcaption><\/figure>\n<\/div>\n<\/div>\n\n\n\n<div class=\"wp-block-columns is-layout-flex wp-container-core-columns-is-layout-9d6595d7 wp-block-columns-is-layout-flex\">\n<div class=\"wp-block-column is-layout-flow wp-block-column-is-layout-flow\">\n<figure class=\"wp-block-image size-large\"><img loading=\"lazy\" decoding=\"async\" width=\"768\" height=\"1024\" src=\"https:\/\/likepaperbags.de\/wp-content\/uploads\/2020\/09\/JAMES-2x_900-768x1024.jpg\" alt=\"JAMES\" class=\"wp-image-403\" srcset=\"https:\/\/likepaperbags.de\/wp-content\/uploads\/2020\/09\/JAMES-2x_900-768x1024.jpg 768w, https:\/\/likepaperbags.de\/wp-content\/uploads\/2020\/09\/JAMES-2x_900-225x300.jpg 225w, https:\/\/likepaperbags.de\/wp-content\/uploads\/2020\/09\/JAMES-2x_900.jpg 900w\" sizes=\"auto, (max-width: 768px) 100vw, 768px\" \/><figcaption class=\"wp-element-caption\">JAMES<\/figcaption><\/figure>\n<\/div>\n\n\n\n<div class=\"wp-block-column is-layout-flow wp-block-column-is-layout-flow\">\n<figure class=\"wp-block-image size-large\"><img loading=\"lazy\" decoding=\"async\" width=\"768\" height=\"1024\" src=\"https:\/\/likepaperbags.de\/wp-content\/uploads\/2020\/09\/LOOX_S-M-1_900-768x1024.jpg\" alt=\"LOOX S - M\" class=\"wp-image-410\" srcset=\"https:\/\/likepaperbags.de\/wp-content\/uploads\/2020\/09\/LOOX_S-M-1_900-768x1024.jpg 768w, https:\/\/likepaperbags.de\/wp-content\/uploads\/2020\/09\/LOOX_S-M-1_900-225x300.jpg 225w, https:\/\/likepaperbags.de\/wp-content\/uploads\/2020\/09\/LOOX_S-M-1_900.jpg 900w\" sizes=\"auto, (max-width: 768px) 100vw, 768px\" \/><figcaption class=\"wp-element-caption\">LOOX S &#8211; M<\/figcaption><\/figure>\n<\/div>\n\n\n\n<div class=\"wp-block-column is-layout-flow wp-block-column-is-layout-flow\">\n<figure class=\"wp-block-image size-large\"><img loading=\"lazy\" decoding=\"async\" width=\"768\" height=\"1024\" src=\"https:\/\/likepaperbags.de\/wp-content\/uploads\/2020\/09\/CRUISER_sand-GuGr-2x_900-768x1024.jpg\" alt=\"CRUISER\" class=\"wp-image-690\" srcset=\"https:\/\/likepaperbags.de\/wp-content\/uploads\/2020\/09\/CRUISER_sand-GuGr-2x_900-768x1024.jpg 768w, https:\/\/likepaperbags.de\/wp-content\/uploads\/2020\/09\/CRUISER_sand-GuGr-2x_900-225x300.jpg 225w, https:\/\/likepaperbags.de\/wp-content\/uploads\/2020\/09\/CRUISER_sand-GuGr-2x_900.jpg 900w\" sizes=\"auto, (max-width: 768px) 100vw, 768px\" \/><figcaption class=\"wp-element-caption\">CRUISER<\/figcaption><\/figure>\n<\/div>\n<\/div>\n\n\n\n<div style=\"height:40px\" aria-hidden=\"true\" class=\"wp-block-spacer\"><\/div>\n\n\n\n<h2 class=\"wp-block-heading\" id=\"aufbewahrung\"><a href=\"https:\/\/likepaperbags.de\/en\/lookbook\/aufbewahrung\/\">Storage<\/a><\/h2>\n\n\n\n<div class=\"wp-block-columns is-layout-flex wp-container-core-columns-is-layout-9d6595d7 wp-block-columns-is-layout-flex\">\n<div class=\"wp-block-column is-layout-flow wp-block-column-is-layout-flow\">\n<figure class=\"wp-block-image size-large\"><img loading=\"lazy\" decoding=\"async\" width=\"768\" height=\"1024\" src=\"https:\/\/likepaperbags.de\/wp-content\/uploads\/2020\/09\/TANK-L-khaki-2_1200-768x1024.jpg\" alt=\"TANK S - L\" class=\"wp-image-408\" srcset=\"https:\/\/likepaperbags.de\/wp-content\/uploads\/2020\/09\/TANK-L-khaki-2_1200-768x1024.jpg 768w, https:\/\/likepaperbags.de\/wp-content\/uploads\/2020\/09\/TANK-L-khaki-2_1200-225x300.jpg 225w, https:\/\/likepaperbags.de\/wp-content\/uploads\/2020\/09\/TANK-L-khaki-2_1200.jpg 900w\" sizes=\"auto, (max-width: 768px) 100vw, 768px\" \/><figcaption class=\"wp-element-caption\">TANK S &#8211; L<\/figcaption><\/figure>\n<\/div>\n\n\n\n<div class=\"wp-block-column is-layout-flow wp-block-column-is-layout-flow\">\n<figure class=\"wp-block-image size-large\"><img loading=\"lazy\" decoding=\"async\" width=\"768\" height=\"1024\" src=\"https:\/\/likepaperbags.de\/wp-content\/uploads\/2020\/09\/TANK_Lplus-schoko-TxRt-1_1200-1-768x1024.jpg\" alt=\"TANK XL\" class=\"wp-image-678\" srcset=\"https:\/\/likepaperbags.de\/wp-content\/uploads\/2020\/09\/TANK_Lplus-schoko-TxRt-1_1200-1-768x1024.jpg 768w, https:\/\/likepaperbags.de\/wp-content\/uploads\/2020\/09\/TANK_Lplus-schoko-TxRt-1_1200-1-225x300.jpg 225w, https:\/\/likepaperbags.de\/wp-content\/uploads\/2020\/09\/TANK_Lplus-schoko-TxRt-1_1200-1.jpg 900w\" sizes=\"auto, (max-width: 768px) 100vw, 768px\" \/><figcaption class=\"wp-element-caption\">TANK XL<\/figcaption><\/figure>\n<\/div>\n\n\n\n<div class=\"wp-block-column is-layout-flow wp-block-column-is-layout-flow\">\n<figure class=\"wp-block-image size-large\"><img loading=\"lazy\" decoding=\"async\" width=\"768\" height=\"1024\" src=\"https:\/\/likepaperbags.de\/wp-content\/uploads\/2020\/09\/TANK-XL-sand-TxSc-1a_900-768x1024.jpg\" alt=\"TANK XXL\" class=\"wp-image-412\" srcset=\"https:\/\/likepaperbags.de\/wp-content\/uploads\/2020\/09\/TANK-XL-sand-TxSc-1a_900-768x1024.jpg 768w, https:\/\/likepaperbags.de\/wp-content\/uploads\/2020\/09\/TANK-XL-sand-TxSc-1a_900-225x300.jpg 225w, https:\/\/likepaperbags.de\/wp-content\/uploads\/2020\/09\/TANK-XL-sand-TxSc-1a_900.jpg 900w\" sizes=\"auto, (max-width: 768px) 100vw, 768px\" \/><figcaption class=\"wp-element-caption\">TANK XXL<\/figcaption><\/figure>\n<\/div>\n<\/div>","protected":false},"excerpt":{"rendered":"<p>Beim Klick auf die Oberbegriffe werdet Ihr zu den Detailseiten mit Produktbeschreibungen weitergeleitet, mit Klick auf die Fotos werden die Fotos gr\u00f6sser gezeigt. Taschen Rucks\u00e4cke &amp; Convertibles B\u00f6rsen &amp; Etuis Aufbewahrung<\/p>","protected":false},"author":1,"featured_media":0,"parent":0,"menu_order":10,"comment_status":"closed","ping_status":"closed","template":"","meta":{"neve_meta_sidebar":"","neve_meta_container":"","neve_meta_enable_content_width":"","neve_meta_content_width":0,"neve_meta_title_alignment":"","neve_meta_author_avatar":"","neve_post_elements_order":"","neve_meta_disable_header":"","neve_meta_disable_footer":"","neve_meta_disable_title":"","footnotes":""},"class_list":["post-107","page","type-page","status-publish","hentry"],"jetpack_sharing_enabled":true,"_links":{"self":[{"href":"https:\/\/likepaperbags.de\/en\/wp-json\/wp\/v2\/pages\/107","targetHints":{"allow":["GET"]}}],"collection":[{"href":"https:\/\/likepaperbags.de\/en\/wp-json\/wp\/v2\/pages"}],"about":[{"href":"https:\/\/likepaperbags.de\/en\/wp-json\/wp\/v2\/types\/page"}],"author":[{"embeddable":true,"href":"https:\/\/likepaperbags.de\/en\/wp-json\/wp\/v2\/users\/1"}],"replies":[{"embeddable":true,"href":"https:\/\/likepaperbags.de\/en\/wp-json\/wp\/v2\/comments?post=107"}],"version-history":[{"count":26,"href":"https:\/\/likepaperbags.de\/en\/wp-json\/wp\/v2\/pages\/107\/revisions"}],"predecessor-version":[{"id":934,"href":"https:\/\/likepaperbags.de\/en\/wp-json\/wp\/v2\/pages\/107\/revisions\/934"}],"wp:attachment":[{"href":"https:\/\/likepaperbags.de\/en\/wp-json\/wp\/v2\/media?parent=107"}],"curies":[{"name":"wp","href":"https:\/\/api.w.org\/{rel}","templated":true}]}}