{"id":110,"date":"2019-09-07T17:54:06","date_gmt":"2019-09-07T15:54:06","guid":{"rendered":"http:\/\/shop.likepaperbags.de\/?page_id=110"},"modified":"2025-01-02T11:29:27","modified_gmt":"2025-01-02T10:29:27","slug":"rucksaecke_convertibles","status":"publish","type":"page","link":"https:\/\/likepaperbags.de\/en\/lookbook\/rucksaecke_convertibles\/","title":{"rendered":"Backpacks &amp; Convertibles"},"content":{"rendered":"<div class=\"wp-block-columns is-layout-flex wp-container-core-columns-is-layout-9d6595d7 wp-block-columns-is-layout-flex\">\n<div class=\"wp-block-column is-layout-flow wp-block-column-is-layout-flow\">\n<h4 class=\"wp-block-heading\">FELIX Backpack &amp; Convertible<\/h4>\n\n\n\n\n\n\n\n<p>FELIX can be converted from backpack to shoulder bag within seconds! It is available one- or two-colored. Inside it has two flat extra compartments and a key snap hook.<\/p>\n\n\n\n<p>Size <br>approx. 30\/ 37 (w) x 42 (h) x 7 cm<\/p>\n<\/div>\n\n\n\n<div class=\"wp-block-column is-layout-flow wp-block-column-is-layout-flow\">\n<h4 class=\"wp-block-heading\">ELIAS  Backpack<\/h4>\n\n\n\n\n\n\n\n<p>Casual backpack with wide, adjustable straps and a handle on top. Inside it has two flat inner compartments and a key snap hook.<\/p>\n\n\n\n<p>Size <br>approx. 30\/37 (w) x 42 (h) x 7 cm<\/p>\n<\/div>\n\n\n\n<div class=\"wp-block-column is-layout-flow wp-block-column-is-layout-flow\">\n<h4 class=\"wp-block-heading\">CARRIE.L Messenger Bag, Convertible<\/h4>\n\n\n\n\n\n\n<p>This large shoulder bag can also be carried on the back, similar to a backpack, if the strap is attached differently. The flap with twist lock can be closed in two positions. Inside it has two flat extra compartments, a pen holder and a lanyard with a snap hook.<\/p>\n\n\n\n<p>Size <br>approx. 30\/37 (w) x 39 (h) x 7 cm<\/p>\n<\/div>\n<\/div>\n\n\n\n<p><\/p>","protected":false},"excerpt":{"rendered":"<p>FELIX Rucksack &amp; Convertible FELIX kann vom Rucksack zur Schultertasche umgebaut werden innerhalb von Sekunden! Es gibt ihn ein- oder zweifarbig. Innen hat er zwei flache Extraf\u00e4cher und einen Karabiner zum Anh\u00e4ngen von Schl\u00fcsseln. Gr\u00f6sse ca. 30\/ 37 (B) x 42 (H) x 7 cm ELIAS&nbsp; Rucksack L\u00e4ssiger Rucksack mit breiten, verstellbaren Gurten und Tragschlaufe&hellip;&nbsp;<a href=\"https:\/\/likepaperbags.de\/en\/lookbook\/rucksaecke_convertibles\/\" rel=\"bookmark\">Read More &raquo;<span class=\"screen-reader-text\">Backpacks &amp; Convertibles<\/span><\/a><\/p>","protected":false},"author":1,"featured_media":0,"parent":107,"menu_order":20,"comment_status":"closed","ping_status":"closed","template":"","meta":{"neve_meta_sidebar":"","neve_meta_container":"","neve_meta_enable_content_width":"","neve_meta_content_width":0,"neve_meta_title_alignment":"","neve_meta_author_avatar":"","neve_post_elements_order":"","neve_meta_disable_header":"","neve_meta_disable_footer":"","neve_meta_disable_title":"","footnotes":""},"class_list":["post-110","page","type-page","status-publish","hentry"],"jetpack_sharing_enabled":true,"_links":{"self":[{"href":"https:\/\/likepaperbags.de\/en\/wp-json\/wp\/v2\/pages\/110","targetHints":{"allow":["GET"]}}],"collection":[{"href":"https:\/\/likepaperbags.de\/en\/wp-json\/wp\/v2\/pages"}],"about":[{"href":"https:\/\/likepaperbags.de\/en\/wp-json\/wp\/v2\/types\/page"}],"author":[{"embeddable":true,"href":"https:\/\/likepaperbags.de\/en\/wp-json\/wp\/v2\/users\/1"}],"replies":[{"embeddable":true,"href":"https:\/\/likepaperbags.de\/en\/wp-json\/wp\/v2\/comments?post=110"}],"version-history":[{"count":11,"href":"https:\/\/likepaperbags.de\/en\/wp-json\/wp\/v2\/pages\/110\/revisions"}],"predecessor-version":[{"id":908,"href":"https:\/\/likepaperbags.de\/en\/wp-json\/wp\/v2\/pages\/110\/revisions\/908"}],"up":[{"embeddable":true,"href":"https:\/\/likepaperbags.de\/en\/wp-json\/wp\/v2\/pages\/107"}],"wp:attachment":[{"href":"https:\/\/likepaperbags.de\/en\/wp-json\/wp\/v2\/media?parent=110"}],"curies":[{"name":"wp","href":"https:\/\/api.w.org\/{rel}","templated":true}]}}