{"id":122,"date":"2020-05-04T12:21:57","date_gmt":"2020-05-04T10:21:57","guid":{"rendered":"http:\/\/shop.likepaperbags.de\/?page_id=122"},"modified":"2025-01-02T11:31:04","modified_gmt":"2025-01-02T10:31:04","slug":"boersen-und-etuis","status":"publish","type":"page","link":"https:\/\/likepaperbags.de\/en\/lookbook\/boersen-und-etuis\/","title":{"rendered":"Purses and Cases"},"content":{"rendered":"<div class=\"wp-block-columns is-layout-flex wp-container-core-columns-is-layout-9d6595d7 wp-block-columns-is-layout-flex\">\n<div class=\"wp-block-column is-layout-flow wp-block-column-is-layout-flow\">\n<h4 class=\"wp-block-heading\">JAMES Pouch\/ Clutch<\/h4>\n\n\n\n\n\n\n\n<p>JAMES can be used as a clutch or bag-in-bag, for storing cosmetics or computer accessories, as a book cover or travel folder. You can tie a strap (extra) through the eyelets on the back, so it becomes a shoulder bag. Closure with press stud.<\/p>\n\n\n\n<p>Size approx. 30 x 17 x 2 cm<\/p>\n<\/div>\n\n\n\n<div class=\"wp-block-column is-layout-flow wp-block-column-is-layout-flow\">\n<h4 class=\"wp-block-heading\">DONALD  Purse<\/h4>\n\n\n\n\n\n\n\n<p>This simple, flat wallet offers everything you need - with compartments for banknotes, coins and 6+ cards. Closure with a colored elastic band that is placed around the back.<\/p>\n\n\n\n<p>Size  16 x 10 cm<\/p>\n<\/div>\n\n\n\n<div class=\"wp-block-column is-layout-flow wp-block-column-is-layout-flow\">\n<h4 class=\"wp-block-heading\">DAISY  Purse<\/h4>\n\n\n\n\n\n\n\n<p>Large purse DAISY has a banknote and note compartment and slots for 8+ cards. The coin compartment with zipper is placed on the back. Secure closure with the metal buckle.<\/p>\n\n\n\n<p>Size 22 x 10 x 1 cm<\/p>\n<\/div>\n<\/div>\n\n\n\n<div class=\"wp-block-columns is-layout-flex wp-container-core-columns-is-layout-9d6595d7 wp-block-columns-is-layout-flex\">\n<div class=\"wp-block-column is-layout-flow wp-block-column-is-layout-flow\">\n<h4 class=\"wp-block-heading\">GALEA Pouch<\/h4>\n\n\n\n\n\n\n\n<p>Small cosmetics case with colored zipper and a D-ring to hang in or on the handbag. And when it gets dirty, you simply put it in the washing machine (up to 60 \u00b0).<\/p>\n\n\n\n<p>Size &nbsp;<br>18\/21 (B) x 13 (H) x 6 cm<\/p>\n<\/div>\n\n\n\n<div class=\"wp-block-column is-layout-flow wp-block-column-is-layout-flow\">\n<h4 class=\"wp-block-heading\">LOOX  Glasses Cases<\/h4>\n\n\n\n\n\n\n\n<p>Glasses cases in two sizes. By the clever folding of the material, all surfaces are two-ply, so the case is not so easily crushed in the pocket. Closure with colored elastic cord.<\/p>\n\n\n\n<p>Size S approx. 16 x 5 x 1-2 cm<br>Size M approx. 16 x 6 x 2,5 cm<\/p>\n<\/div>\n\n\n\n<div class=\"wp-block-column is-layout-flow wp-block-column-is-layout-flow\">\n<h4 class=\"wp-block-heading\">CXRUISER  Travel Organizer<\/h4>\n\n\n\n<div class=\"wp-block-group\"><div class=\"wp-block-group__inner-container is-layout-flow wp-block-group-is-layout-flow\">\n<\/div><\/div>\n\n\n\n<p>This folder in size DIN A5 compartments for passports, documents and cards, so all documents are easy to find and safely stowed away when traveling. It is closed with a colored rubber band and is designed so that nothing can fall out.<\/p>\n\n\n\n<p>Size  16 x 23 cm<\/p>\n<\/div>\n<\/div>\n\n\n\n<div class=\"wp-block-columns is-layout-flex wp-container-core-columns-is-layout-9d6595d7 wp-block-columns-is-layout-flex\">\n<div class=\"wp-block-column is-layout-flow wp-block-column-is-layout-flow\">\n<h4 class=\"wp-block-heading\">MAX&nbsp; Minib\u00f6rse<\/h4>\n\n\n\n\n\n\n\n<p>MAX passt in jede Hosentasche! Die Minib\u00f6rse aka Kartenetui hat vorne ein Fach f\u00fcr M\u00fcnzen, dahinter Platz f\u00fcr Geldscheine oder ca. 5 Karten. Auf der Unterseite ist ein weiteres Fach f\u00fcr ca. 5 Karten, beide F\u00e4cher werden mit einem Druckknopf geschlossen.<\/p>\n\n\n\n<p>Size  approxa. 10 x 7 cm<\/p>\n\n\n\n<p class=\"has-neve-link-color-color has-text-color\"><em>Please note: From November 2020, MAX replaces our old model BERT.<\/em><\/p>\n\n\n\n<p><\/p>\n<\/div>\n\n\n\n<div class=\"wp-block-column is-layout-flow wp-block-column-is-layout-flow\"><\/div>\n\n\n\n<div class=\"wp-block-column is-layout-flow wp-block-column-is-layout-flow\"><\/div>\n<\/div>","protected":false},"excerpt":{"rendered":"<p>JAMES&nbsp;&nbsp; Etui\/ Clutch Als Clutch oder Bag-in-Bag, zum Aufbewahren von Kosmetik oder Computerzubeh\u00f6r, als Buchh\u00fclle oder Reisemappe. Durch die seitlichen \u00d6sen kann man einen Riemen kn\u00fcpfen zum Umh\u00e4ngen (Extra). Verschluss mit Druckknopf. Gr\u00f6sse&nbsp; ca. 30 x 17 x 2 cm DONALD&nbsp; B\u00f6rse Die einfache, flache Geldb\u00f6rse bietet alles was man so braucht \u2013 mit F\u00e4chern&hellip;&nbsp;<a href=\"https:\/\/likepaperbags.de\/en\/lookbook\/boersen-und-etuis\/\" rel=\"bookmark\">Read More &raquo;<span class=\"screen-reader-text\">Purses and Cases<\/span><\/a><\/p>","protected":false},"author":1,"featured_media":0,"parent":107,"menu_order":30,"comment_status":"closed","ping_status":"closed","template":"","meta":{"neve_meta_sidebar":"","neve_meta_container":"","neve_meta_enable_content_width":"","neve_meta_content_width":0,"neve_meta_title_alignment":"","neve_meta_author_avatar":"","neve_post_elements_order":"","neve_meta_disable_header":"","neve_meta_disable_footer":"","neve_meta_disable_title":"","footnotes":""},"class_list":["post-122","page","type-page","status-publish","hentry"],"jetpack_sharing_enabled":true,"_links":{"self":[{"href":"https:\/\/likepaperbags.de\/en\/wp-json\/wp\/v2\/pages\/122","targetHints":{"allow":["GET"]}}],"collection":[{"href":"https:\/\/likepaperbags.de\/en\/wp-json\/wp\/v2\/pages"}],"about":[{"href":"https:\/\/likepaperbags.de\/en\/wp-json\/wp\/v2\/types\/page"}],"author":[{"embeddable":true,"href":"https:\/\/likepaperbags.de\/en\/wp-json\/wp\/v2\/users\/1"}],"replies":[{"embeddable":true,"href":"https:\/\/likepaperbags.de\/en\/wp-json\/wp\/v2\/comments?post=122"}],"version-history":[{"count":20,"href":"https:\/\/likepaperbags.de\/en\/wp-json\/wp\/v2\/pages\/122\/revisions"}],"predecessor-version":[{"id":910,"href":"https:\/\/likepaperbags.de\/en\/wp-json\/wp\/v2\/pages\/122\/revisions\/910"}],"up":[{"embeddable":true,"href":"https:\/\/likepaperbags.de\/en\/wp-json\/wp\/v2\/pages\/107"}],"wp:attachment":[{"href":"https:\/\/likepaperbags.de\/en\/wp-json\/wp\/v2\/media?parent=122"}],"curies":[{"name":"wp","href":"https:\/\/api.w.org\/{rel}","templated":true}]}}