{"id":124,"date":"2020-05-04T12:22:29","date_gmt":"2020-05-04T10:22:29","guid":{"rendered":"http:\/\/shop.likepaperbags.de\/?page_id=124"},"modified":"2025-01-02T11:31:55","modified_gmt":"2025-01-02T10:31:55","slug":"aufbewahrung","status":"publish","type":"page","link":"https:\/\/likepaperbags.de\/en\/lookbook\/aufbewahrung\/","title":{"rendered":"Storage"},"content":{"rendered":"<p>Our sacs TANK.S to TANK.L can store all sorts of things - use them as a bread basket, key basket or waste basket. The TANKs can also be used as flower pots, but then you should use a waterproof saucer so that the bags are not permanently damp. They are waterproof and machine washable. The top edge is folded over once and can be rolled up further.<\/p>\n\n\n\n<div class=\"wp-block-columns is-layout-flex wp-container-core-columns-is-layout-9d6595d7 wp-block-columns-is-layout-flex\">\n<div class=\"wp-block-column is-layout-flow wp-block-column-is-layout-flow\">\n<h4 class=\"wp-block-heading\">TANK.S<\/h4>\n\n\n\n\n\n\n\n<p>Size <br>16 (B) x 12 (T) x 16 (H) cm<\/p>\n<\/div>\n\n\n\n<div class=\"wp-block-column is-layout-flow wp-block-column-is-layout-flow\">\n<h4 class=\"wp-block-heading\">TANK.M<\/h4>\n\n\n\n\n\n\n\n<p>Size <br>19 (B) x 14 (T) x 25 (H) cm<\/p>\n<\/div>\n\n\n\n<div class=\"wp-block-column is-layout-flow wp-block-column-is-layout-flow\">\n<h4 class=\"wp-block-heading\">TANK.L<\/h4>\n\n\n\n\n\n\n\n<p>Size<br>35 (H) x 31 (B) x 24 (T) cm<\/p>\n<\/div>\n<\/div>\n\n\n\n<div style=\"height:40px\" aria-hidden=\"true\" class=\"wp-block-spacer\"><\/div>\n\n\n\n<p>The two large bottom bags can store dirty laundry, toys, rolls of fabric, pillows, blankets or knitting. With the handles on the side, they can be easily moved. They are waterproof and machine washable. The top edge is folded over once and can be rolled up further.<\/p>\n\n\n\n<div class=\"wp-block-columns is-layout-flex wp-container-core-columns-is-layout-9d6595d7 wp-block-columns-is-layout-flex\">\n<div class=\"wp-block-column is-layout-flow wp-block-column-is-layout-flow\">\n<h4 class=\"wp-block-heading\">TANK.XL<\/h4>\n\n\n\n\n\n\n\n<p>Size <br>30 (B) x 30 (T) x 45 (H) cm<\/p>\n<\/div>\n\n\n\n<div class=\"wp-block-column is-layout-flow wp-block-column-is-layout-flow\">\n<h4 class=\"wp-block-heading\">TANK.XXL<\/h4>\n\n\n\n\n\n\n\n<p>Size <br>36 (B) x 36 (T) x 54 (H) cm<\/p>\n<\/div>\n\n\n\n<div class=\"wp-block-column is-layout-flow wp-block-column-is-layout-flow\">\n<div style=\"height:120px\" aria-hidden=\"true\" class=\"wp-block-spacer\"><\/div>\n\n\n\n<p>From October 2020, we offer the large bottom sacs without the handles, too!<\/p>\n<\/div>\n<\/div>\n\n\n\n<p><\/p>","protected":false},"excerpt":{"rendered":"<p>Unsere Beutel TANK.S bis TANK.L dienen zur Aufbewahrung von allen m\u00f6glichen Dingen \u2013 als Brotkorb, Schl\u00fcsselkorb, oder als Papierkorb. Auch als Blumen-\u00dcbertopf k\u00f6nnen die TANK Beutel verwendet werden, allerdings sollte man dann einen wasserdichten Unterteller verwenden, damit die Beutel nicht permanent feucht sind. Sie sind wasserfest und maschinenwaschbar, der obere Rand ist einmal umgekrempelt und&hellip;&nbsp;<a href=\"https:\/\/likepaperbags.de\/en\/lookbook\/aufbewahrung\/\" rel=\"bookmark\">Read More &raquo;<span class=\"screen-reader-text\">Storage<\/span><\/a><\/p>","protected":false},"author":1,"featured_media":0,"parent":107,"menu_order":40,"comment_status":"closed","ping_status":"closed","template":"","meta":{"neve_meta_sidebar":"","neve_meta_container":"","neve_meta_enable_content_width":"","neve_meta_content_width":0,"neve_meta_title_alignment":"","neve_meta_author_avatar":"","neve_post_elements_order":"","neve_meta_disable_header":"","neve_meta_disable_footer":"","neve_meta_disable_title":"","footnotes":""},"class_list":["post-124","page","type-page","status-publish","hentry"],"jetpack_sharing_enabled":true,"_links":{"self":[{"href":"https:\/\/likepaperbags.de\/en\/wp-json\/wp\/v2\/pages\/124","targetHints":{"allow":["GET"]}}],"collection":[{"href":"https:\/\/likepaperbags.de\/en\/wp-json\/wp\/v2\/pages"}],"about":[{"href":"https:\/\/likepaperbags.de\/en\/wp-json\/wp\/v2\/types\/page"}],"author":[{"embeddable":true,"href":"https:\/\/likepaperbags.de\/en\/wp-json\/wp\/v2\/users\/1"}],"replies":[{"embeddable":true,"href":"https:\/\/likepaperbags.de\/en\/wp-json\/wp\/v2\/comments?post=124"}],"version-history":[{"count":9,"href":"https:\/\/likepaperbags.de\/en\/wp-json\/wp\/v2\/pages\/124\/revisions"}],"predecessor-version":[{"id":911,"href":"https:\/\/likepaperbags.de\/en\/wp-json\/wp\/v2\/pages\/124\/revisions\/911"}],"up":[{"embeddable":true,"href":"https:\/\/likepaperbags.de\/en\/wp-json\/wp\/v2\/pages\/107"}],"wp:attachment":[{"href":"https:\/\/likepaperbags.de\/en\/wp-json\/wp\/v2\/media?parent=124"}],"curies":[{"name":"wp","href":"https:\/\/api.w.org\/{rel}","templated":true}]}}