{"id":128,"date":"2020-05-04T13:38:33","date_gmt":"2020-05-04T11:38:33","guid":{"rendered":"https:\/\/shop.likepaperbags.de\/?page_id=128"},"modified":"2025-01-02T11:28:37","modified_gmt":"2025-01-02T10:28:37","slug":"taschen","status":"publish","type":"page","link":"https:\/\/likepaperbags.de\/en\/lookbook\/taschen\/","title":{"rendered":"Bags"},"content":{"rendered":"<div class=\"wp-block-columns is-layout-flex wp-container-core-columns-is-layout-9d6595d7 wp-block-columns-is-layout-flex\">\n<div class=\"wp-block-column is-layout-flow wp-block-column-is-layout-flow\">\n<h4 class=\"wp-block-heading\">BOLLE&nbsp; Transporter<\/h4>\n\n\n\n\n\n\n\n<div style=\"height:40px\" aria-hidden=\"true\" class=\"wp-block-spacer\"><\/div>\n\n\n\n<p>This tote can carry a lot! The handles are riveted on both sides, which gives the bag its bulky shape and stability. It can be closed by a flap with a push button. The textile handles (vegan) are available in various colors. Max. load up to approx. 10 kg.<\/p>\n\n\n\n<p>Available as shopping bag with shorter handles (approx. 42 cm length) or as shoulder bag with longer handles (approx. 57 cm). <\/p>\n\n\n\n<p>Size <br>40 (B) x 40 (H) x 14 (T) cm<\/p>\n<\/div>\n\n\n\n<div class=\"wp-block-column is-layout-flow wp-block-column-is-layout-flow\">\n<h4 class=\"wp-block-heading\">CARRIE.M  Messenger Bag<\/h4>\n\n\n\n\n\n\n\n<div style=\"height:40px\" aria-hidden=\"true\" class=\"wp-block-spacer\"><\/div>\n\n\n\n<p class=\"translation-block\">CARRIE in size M is slightly larger than DIN A4 landscape format. You can also carry it on your back, similar to a backpack, when the belt is attached in a different way. The flap with twist lock can be closed in two positions. Inside there is an extra compartment with zipper, a pen holder and a lanyard with carabiner. <br> <br> Size <br> approx. 30\/37 (W) x 25 (H) x 7 cm<\/p>\n\n\n\n<div class=\"wp-block-buttons is-layout-flex wp-block-buttons-is-layout-flex\"><\/div>\n<\/div>\n\n\n\n<div class=\"wp-block-column is-layout-flow wp-block-column-is-layout-flow\">\n<h4 class=\"wp-block-heading\">AKIRA  Shoulder Bag<\/h4>\n\n\n\n\n\n\n\n<div style=\"height:40px\" aria-hidden=\"true\" class=\"wp-block-spacer\"><\/div>\n\n\n\n<p>This casual shoulder bag with its crinkles attracts everyone's attention! A4 format documents fit inside, inside it has an extra compartment with a pen holder and a lanyard with a snap hook. Available with leather or textile handles (vegan), length approx. 60 cm.<\/p>\n\n\n\n<p>Size <br>38\/36 (B) x 27 (H) x 12 cm<\/p>\n\n\n\n<div class=\"wp-block-buttons is-layout-flex wp-block-buttons-is-layout-flex\"><\/div>\n<\/div>\n<\/div>\n\n\n\n<div class=\"wp-block-columns is-layout-flex wp-container-core-columns-is-layout-9d6595d7 wp-block-columns-is-layout-flex\">\n<div class=\"wp-block-column is-layout-flow wp-block-column-is-layout-flow\">\n<h4 class=\"wp-block-heading\">CARRIE.L  Messenger Bag<\/h4>\n\n\n\n\n\n\n\n<div style=\"height:40px\" aria-hidden=\"true\" class=\"wp-block-spacer\"><\/div>\n\n\n\n<p>A lot fits in here! And this large shoulder bag can also be carried on the back, similar to a backpack, but it is quicker to put it on and take it off. The flap with twist lock can be closed in two positions. Inside it has two flat extra compartments, a pen holder and a lanyard with a snap hook.<\/p>\n\n\n\n<p>Size <br>approx. 30\/37 (w) x 39 (h) x 7 cm<\/p>\n<\/div>\n\n\n\n<div class=\"wp-block-column is-layout-flow wp-block-column-is-layout-flow\">\n<h4 class=\"wp-block-heading\">PALOMA Weekender<\/h4>\n\n\n\n\n\n\n\n<div style=\"height:40px\" aria-hidden=\"true\" class=\"wp-block-spacer\"><\/div>\n\n\n\n<p>The perfect companion for a weekend trip! A weekender that can of course also be used for bulk shopping, as a business bag or as a beach bag. With a large inner compartment, lanyard with snap hook and a solid double bottom with rivets. You can choose various color combinations of Zell.Stoff and textile straps - everything is possible from gaudy to subtle!<\/p>\n\n\n\n<p>Size&nbsp; <br>40\/54 (w) x 40 (h) x 16 cm<\/p>\n<\/div>\n\n\n\n<div class=\"wp-block-column is-layout-flow wp-block-column-is-layout-flow\">\n<h4 class=\"wp-block-heading\">CARRIE.S Bum Bag<\/h4>\n\n\n\n\n\n\n\n<div style=\"height:40px\" aria-hidden=\"true\" class=\"wp-block-spacer\"><\/div>\n\n\n\n<p>CARRIE.S can be worn on the hips or simply \"cross body\". It offers a surprisingly big storage space and has a flat extra compartment inside, it\u00b4s just perfect e.g. for vacation and leisure! Flap with a twist lock. The strap can be removed, so it can also be used as a clutch.<\/p>\n\n\n\n<p>Size <br>approx. 25\/28 (w) x 16 (h) x 5 cm<\/p>\n<\/div>\n<\/div>","protected":false},"excerpt":{"rendered":"<p>BOLLE&nbsp; Transporter In diesen Shopper passt richtig viel rein! Die Henkel sind zweiseitig eingenietet, das gibt der Tasche die bauchige Form und die Stabilit\u00e4t. Oben l\u00e4sst er sich verschlie\u00dfen mit einer Lasche mit Druckknopf. Die Textilhenkel (vegan) gibt\u00b4s in verschiedensten Farben! Belastung bis ca. 10 kg. Als Einkaufstasche mit k\u00fcrzeren Henkeln (ca. 42 cm), als&hellip;&nbsp;<a href=\"https:\/\/likepaperbags.de\/en\/lookbook\/taschen\/\" rel=\"bookmark\">Read More &raquo;<span class=\"screen-reader-text\">Bags<\/span><\/a><\/p>","protected":false},"author":1,"featured_media":0,"parent":107,"menu_order":10,"comment_status":"closed","ping_status":"closed","template":"","meta":{"neve_meta_sidebar":"","neve_meta_container":"","neve_meta_enable_content_width":"","neve_meta_content_width":0,"neve_meta_title_alignment":"","neve_meta_author_avatar":"","neve_post_elements_order":"","neve_meta_disable_header":"","neve_meta_disable_footer":"","neve_meta_disable_title":"","footnotes":""},"class_list":["post-128","page","type-page","status-publish","hentry"],"jetpack_sharing_enabled":true,"_links":{"self":[{"href":"https:\/\/likepaperbags.de\/en\/wp-json\/wp\/v2\/pages\/128","targetHints":{"allow":["GET"]}}],"collection":[{"href":"https:\/\/likepaperbags.de\/en\/wp-json\/wp\/v2\/pages"}],"about":[{"href":"https:\/\/likepaperbags.de\/en\/wp-json\/wp\/v2\/types\/page"}],"author":[{"embeddable":true,"href":"https:\/\/likepaperbags.de\/en\/wp-json\/wp\/v2\/users\/1"}],"replies":[{"embeddable":true,"href":"https:\/\/likepaperbags.de\/en\/wp-json\/wp\/v2\/comments?post=128"}],"version-history":[{"count":20,"href":"https:\/\/likepaperbags.de\/en\/wp-json\/wp\/v2\/pages\/128\/revisions"}],"predecessor-version":[{"id":907,"href":"https:\/\/likepaperbags.de\/en\/wp-json\/wp\/v2\/pages\/128\/revisions\/907"}],"up":[{"embeddable":true,"href":"https:\/\/likepaperbags.de\/en\/wp-json\/wp\/v2\/pages\/107"}],"wp:attachment":[{"href":"https:\/\/likepaperbags.de\/en\/wp-json\/wp\/v2\/media?parent=128"}],"curies":[{"name":"wp","href":"https:\/\/api.w.org\/{rel}","templated":true}]}}