{"id":261,"date":"2019-03-06T08:23:20","date_gmt":"2019-03-06T08:23:20","guid":{"rendered":"https:\/\/demo.themeisle.com\/neve-shop\/?page_id=5"},"modified":"2025-01-02T13:32:11","modified_gmt":"2025-01-02T12:32:11","slug":"3669a-home","status":"publish","type":"page","link":"https:\/\/likepaperbags.de\/en\/","title":{"rendered":"Produkte aus Zell.Stoff &#8211; by linckx.\u00ae"},"content":{"rendered":"<h2 class=\"wp-block-heading has-text-align-center\">Produkte aus Zell.Stoff &#8211; made by linckx.<sup>\u00ae<\/sup><\/h2>\n\n\n\n<div class=\"wp-block-columns is-layout-flex wp-container-core-columns-is-layout-9d6595d7 wp-block-columns-is-layout-flex\">\n<div class=\"wp-block-column is-layout-flow wp-block-column-is-layout-flow\">\n<h2 class=\"wp-block-heading has-text-align-center\" id=\"willkommen\">Taschen kaufen&#8230;<\/h2>\n\n\n\n<p class=\"has-text-align-center has-neve-link-color-color has-text-color has-link-color wp-elements-01663e893fb2bdb62e1a0108c487e8d5\">Leider haben wir den WEBSHOP seit Juni 2023 aus privaten Gr\u00fcnden geschlossen, aber \u00fcber den Button unten kommt Ihr zu einer Karte mit L\u00e4den, die unsere Produkte f\u00fchren.<\/p>\n\n\n\n<div class=\"wp-block-buttons is-content-justification-center is-layout-flex wp-container-core-buttons-is-layout-16018d1d wp-block-buttons-is-layout-flex\">\n<div class=\"wp-block-button is-style-secondary\"><a class=\"wp-block-button__link wp-element-button\" href=\"https:\/\/likepaperbags.de\/en\/infos\/stores\/\">L\u00e4den \u00dcbersicht<\/a><\/div>\n<\/div>\n<\/div>\n\n\n\n<div class=\"wp-block-column is-layout-flow wp-block-column-is-layout-flow\">\n<h2 class=\"wp-block-heading has-text-align-center\" id=\"made-in-germany\">Made in Germany<\/h2>\n\n\n\n<p class=\"has-text-align-center\">Our bags are completely designed and manufactured in Germany. They are made in small sewing companies in Saxony and Northern Germany, as well as in our Munich studio.<\/p>\n\n\n\n<figure class=\"wp-block-image size-large\"><img loading=\"lazy\" decoding=\"async\" width=\"1024\" height=\"768\" src=\"https:\/\/likepaperbags.de\/wp-content\/uploads\/2022\/02\/Naehmaschine-3-1024x768.jpg\" alt=\"Werkstatt\" class=\"wp-image-897\" srcset=\"https:\/\/likepaperbags.de\/wp-content\/uploads\/2022\/02\/Naehmaschine-3-1024x768.jpg 1024w, https:\/\/likepaperbags.de\/wp-content\/uploads\/2022\/02\/Naehmaschine-3-300x225.jpg 300w, https:\/\/likepaperbags.de\/wp-content\/uploads\/2022\/02\/Naehmaschine-3-768x576.jpg 768w, https:\/\/likepaperbags.de\/wp-content\/uploads\/2022\/02\/Naehmaschine-3-16x12.jpg 16w, https:\/\/likepaperbags.de\/wp-content\/uploads\/2022\/02\/Naehmaschine-3.jpg 1200w\" sizes=\"auto, (max-width: 1024px) 100vw, 1024px\" \/><\/figure>\n<\/div>\n\n\n\n<div class=\"wp-block-column is-layout-flow wp-block-column-is-layout-flow\">\n<h2 class=\"wp-block-heading has-text-align-center\" id=\"das-material\">The Material<\/h2>\n\n\n\n<p class=\"has-text-align-center translation-block\">... we call it <strong> Zell.Stoff <\/strong> - it\u00b4s a mix of cellulose and latex. It is \u00d6kotex 100 certified and is produced in Germany. A great material, durable and super light!<\/p>\n\n\n\n<figure class=\"wp-block-image size-large\"><img loading=\"lazy\" decoding=\"async\" width=\"1024\" height=\"768\" src=\"https:\/\/likepaperbags.de\/wp-content\/uploads\/2020\/09\/ZellStoff-sand-1-1024x768.jpg\" alt=\"Zell.Stoff\" class=\"wp-image-511\" srcset=\"https:\/\/likepaperbags.de\/wp-content\/uploads\/2020\/09\/ZellStoff-sand-1-1024x768.jpg 1024w, https:\/\/likepaperbags.de\/wp-content\/uploads\/2020\/09\/ZellStoff-sand-1-300x225.jpg 300w, https:\/\/likepaperbags.de\/wp-content\/uploads\/2020\/09\/ZellStoff-sand-1-768x576.jpg 768w, https:\/\/likepaperbags.de\/wp-content\/uploads\/2020\/09\/ZellStoff-sand-1.jpg 1200w\" sizes=\"auto, (max-width: 1024px) 100vw, 1024px\" \/><\/figure>\n<\/div>\n<\/div>\n\n\n\n<p><\/p>","protected":false},"excerpt":{"rendered":"<p>Produkte aus Zell.Stoff &#8211; made by linckx.\u00ae Taschen kaufen&#8230; Leider haben wir den WEBSHOP seit Juni 2023 aus privaten Gr\u00fcnden geschlossen, aber \u00fcber den Button unten kommt Ihr zu einer Karte mit L\u00e4den, die unsere Produkte f\u00fchren. Made in Germany Unsere Taschen sind komplett in Deutschland entwickelt und hergestellt. Gefertigt werden sie in kleinen N\u00e4hbetrieben&hellip;&nbsp;<a href=\"https:\/\/likepaperbags.de\/en\/\" rel=\"bookmark\">Read More &raquo;<span class=\"screen-reader-text\">Produkte aus Zell.Stoff &#8211; by linckx.\u00ae<\/span><\/a><\/p>","protected":false},"author":1,"featured_media":338,"parent":0,"menu_order":0,"comment_status":"closed","ping_status":"closed","template":"","meta":{"neve_meta_sidebar":"","neve_meta_container":"","neve_meta_enable_content_width":"off","neve_meta_content_width":0,"neve_meta_title_alignment":"","neve_meta_author_avatar":"","neve_post_elements_order":"","neve_meta_disable_header":"","neve_meta_disable_footer":"","neve_meta_disable_title":"","footnotes":""},"class_list":["post-261","page","type-page","status-publish","has-post-thumbnail","hentry"],"jetpack_sharing_enabled":true,"_links":{"self":[{"href":"https:\/\/likepaperbags.de\/en\/wp-json\/wp\/v2\/pages\/261","targetHints":{"allow":["GET"]}}],"collection":[{"href":"https:\/\/likepaperbags.de\/en\/wp-json\/wp\/v2\/pages"}],"about":[{"href":"https:\/\/likepaperbags.de\/en\/wp-json\/wp\/v2\/types\/page"}],"author":[{"embeddable":true,"href":"https:\/\/likepaperbags.de\/en\/wp-json\/wp\/v2\/users\/1"}],"replies":[{"embeddable":true,"href":"https:\/\/likepaperbags.de\/en\/wp-json\/wp\/v2\/comments?post=261"}],"version-history":[{"count":33,"href":"https:\/\/likepaperbags.de\/en\/wp-json\/wp\/v2\/pages\/261\/revisions"}],"predecessor-version":[{"id":963,"href":"https:\/\/likepaperbags.de\/en\/wp-json\/wp\/v2\/pages\/261\/revisions\/963"}],"wp:featuredmedia":[{"embeddable":true,"href":"https:\/\/likepaperbags.de\/en\/wp-json\/wp\/v2\/media\/338"}],"wp:attachment":[{"href":"https:\/\/likepaperbags.de\/en\/wp-json\/wp\/v2\/media?parent=261"}],"curies":[{"name":"wp","href":"https:\/\/api.w.org\/{rel}","templated":true}]}}