{"id":265,"date":"2019-03-06T14:42:42","date_gmt":"2019-03-06T14:42:42","guid":{"rendered":"https:\/\/demo.themeisle.com\/neve-shop\/?page_id=120"},"modified":"2020-09-25T16:19:37","modified_gmt":"2020-09-25T14:19:37","slug":"3669a-about-us","status":"publish","type":"page","link":"https:\/\/likepaperbags.de\/en\/infos\/3669a-about-us\/","title":{"rendered":"About Us"},"content":{"rendered":"<div class=\"wp-block-image\"><figure class=\"aligncenter size-medium\"><img loading=\"lazy\" decoding=\"async\" width=\"300\" height=\"300\" src=\"http:\/\/shop.likepaperbags.de\/wp-content\/uploads\/2020\/09\/19-06_linckx-Logo-quadr-300x300.jpg\" alt=\"\" class=\"wp-image-441\" srcset=\"https:\/\/likepaperbags.de\/wp-content\/uploads\/2020\/09\/19-06_linckx-Logo-quadr-300x300.jpg 300w, https:\/\/likepaperbags.de\/wp-content\/uploads\/2020\/09\/19-06_linckx-Logo-quadr-1024x1024.jpg 1024w, https:\/\/likepaperbags.de\/wp-content\/uploads\/2020\/09\/19-06_linckx-Logo-quadr-150x150.jpg 150w, https:\/\/likepaperbags.de\/wp-content\/uploads\/2020\/09\/19-06_linckx-Logo-quadr-768x768.jpg 768w, https:\/\/likepaperbags.de\/wp-content\/uploads\/2020\/09\/19-06_linckx-Logo-quadr.jpg 1181w\" sizes=\"auto, (max-width: 300px) 100vw, 300px\" \/><\/figure><\/div>\n\n\n\n<div class=\"wp-block-columns is-layout-flex wp-container-core-columns-is-layout-9d6595d7 wp-block-columns-is-layout-flex\">\n<div class=\"wp-block-column is-layout-flow wp-block-column-is-layout-flow\">\n<p>Behind the brand and the designs of this small Munich company, founded in 2005, is the architect Ute Linck Borys. To design buildings, you have to have a special sense of proportions, shapes and volumes - these skills are very helpful to Ute Linck-Borys when developing her products.<\/p>\n<\/div>\n\n\n\n<div class=\"wp-block-column is-layout-flow wp-block-column-is-layout-flow\">\n<p class=\"has-text-align-center\">It all started in 2005 with bags and accessories made of felt, followed by the Canvas Collection in 2006, with messenger bags made of canvas.<\/p>\n\n\n\n<p class=\"has-text-align-center\"><img loading=\"lazy\" decoding=\"async\" width=\"100\" height=\"100\" class=\"wp-image-148\" style=\"width: 100px;\" src=\"http:\/\/shop.likepaperbags.de\/wp-content\/uploads\/2020\/05\/likepaperbags-logo-kreis-2_512x512.jpg\" alt=\"\" srcset=\"https:\/\/likepaperbags.de\/wp-content\/uploads\/2020\/05\/likepaperbags-logo-kreis-2_512x512.jpg 2133w, https:\/\/likepaperbags.de\/wp-content\/uploads\/2020\/05\/likepaperbags-logo-kreis-2_512x512-160x160.jpg 160w, https:\/\/likepaperbags.de\/wp-content\/uploads\/2020\/05\/likepaperbags-logo-kreis-2_512x512-600x600.jpg 600w, https:\/\/likepaperbags.de\/wp-content\/uploads\/2020\/05\/likepaperbags-logo-kreis-2_512x512-300x300.jpg 300w, https:\/\/likepaperbags.de\/wp-content\/uploads\/2020\/05\/likepaperbags-logo-kreis-2_512x512-1024x1024.jpg 1024w, https:\/\/likepaperbags.de\/wp-content\/uploads\/2020\/05\/likepaperbags-logo-kreis-2_512x512-150x150.jpg 150w, https:\/\/likepaperbags.de\/wp-content\/uploads\/2020\/05\/likepaperbags-logo-kreis-2_512x512-768x768.jpg 768w, https:\/\/likepaperbags.de\/wp-content\/uploads\/2020\/05\/likepaperbags-logo-kreis-2_512x512-1536x1536.jpg 1536w, https:\/\/likepaperbags.de\/wp-content\/uploads\/2020\/05\/likepaperbags-logo-kreis-2_512x512-2048x2048.jpg 2048w\" sizes=\"auto, (max-width: 100px) 100vw, 100px\" \/><br>In summer 2015, the designer presented the new Like Paper Bags collection for the first time at TRENDSET trade fair in Munich, bags and accessories made of tear- and waterproff Zell.Stoff! <strong>like paper bags<\/strong> Kollektion aus reiss- und wasserfestem Zell.Stoff.<\/p>\n<\/div>\n\n\n\n<div class=\"wp-block-column is-layout-flow wp-block-column-is-layout-flow\">\n<p><strong>linckx.\u00ae<\/strong> linckx.\u00ae offers a wide range of products, from backpacks, shoppers and messenger bags to purses and cosmetic cases to home accessories such as storage baskets and felt slippers.<br>For the \"Alpine Lifestyle\u201d, there are cute bavarian style felt bags, robust backpacks and other stylish accessories.<\/p>\n<\/div>\n<\/div>","protected":false},"excerpt":{"rendered":"<p>Hinter der Marke und den Designs dieses kleinen M\u00fcnchner Unternehmens, gegr\u00fcndet im Jahr 2005, steht die Architektin Ute Linck Borys. Um Geb\u00e4ude zu entwerfen, muss man einen besonderen Sinn f\u00fcr Proportionen, Formen und Volumen haben \u2013 diese F\u00e4higkeiten sind Ute Linck-Borys sehr hilfreich bei der Entwicklung ihrer Produkte. Begonnen hat 2005 alles mit Taschen und&hellip;&nbsp;<a href=\"https:\/\/likepaperbags.de\/en\/infos\/3669a-about-us\/\" rel=\"bookmark\">Read More &raquo;<span class=\"screen-reader-text\">About Us<\/span><\/a><\/p>","protected":false},"author":1,"featured_media":0,"parent":423,"menu_order":10,"comment_status":"closed","ping_status":"closed","template":"","meta":{"neve_meta_sidebar":"","neve_meta_container":"","neve_meta_enable_content_width":"","neve_meta_content_width":70,"neve_meta_title_alignment":"","neve_meta_author_avatar":"","neve_post_elements_order":"","neve_meta_disable_header":"","neve_meta_disable_footer":"","neve_meta_disable_title":"","footnotes":""},"class_list":["post-265","page","type-page","status-publish","hentry"],"jetpack_sharing_enabled":true,"_links":{"self":[{"href":"https:\/\/likepaperbags.de\/en\/wp-json\/wp\/v2\/pages\/265","targetHints":{"allow":["GET"]}}],"collection":[{"href":"https:\/\/likepaperbags.de\/en\/wp-json\/wp\/v2\/pages"}],"about":[{"href":"https:\/\/likepaperbags.de\/en\/wp-json\/wp\/v2\/types\/page"}],"author":[{"embeddable":true,"href":"https:\/\/likepaperbags.de\/en\/wp-json\/wp\/v2\/users\/1"}],"replies":[{"embeddable":true,"href":"https:\/\/likepaperbags.de\/en\/wp-json\/wp\/v2\/comments?post=265"}],"version-history":[{"count":6,"href":"https:\/\/likepaperbags.de\/en\/wp-json\/wp\/v2\/pages\/265\/revisions"}],"predecessor-version":[{"id":570,"href":"https:\/\/likepaperbags.de\/en\/wp-json\/wp\/v2\/pages\/265\/revisions\/570"}],"up":[{"embeddable":true,"href":"https:\/\/likepaperbags.de\/en\/wp-json\/wp\/v2\/pages\/423"}],"wp:attachment":[{"href":"https:\/\/likepaperbags.de\/en\/wp-json\/wp\/v2\/media?parent=265"}],"curies":[{"name":"wp","href":"https:\/\/api.w.org\/{rel}","templated":true}]}}