{"id":423,"date":"2020-09-13T10:59:51","date_gmt":"2020-09-13T08:59:51","guid":{"rendered":"http:\/\/shop.likepaperbags.de\/?page_id=423"},"modified":"2020-09-13T12:48:20","modified_gmt":"2020-09-13T10:48:20","slug":"infos","status":"publish","type":"page","link":"https:\/\/likepaperbags.de\/en\/infos\/","title":{"rendered":"Information"},"content":{"rendered":"<div class=\"wp-block-columns is-layout-flex wp-container-core-columns-is-layout-9d6595d7 wp-block-columns-is-layout-flex\">\n<div class=\"wp-block-column is-layout-flow wp-block-column-is-layout-flow\">\n<h2 class=\"has-text-align-center wp-block-heading\">About linckx.\u00ae<\/h2>\n\n\n\n<figure class=\"wp-block-image size-large\"><img loading=\"lazy\" decoding=\"async\" width=\"1024\" height=\"768\" src=\"http:\/\/shop.likepaperbags.de\/wp-content\/uploads\/2020\/09\/Giesing-Naehmaschine-1024x768.jpg\" alt=\"\" class=\"wp-image-426\" srcset=\"https:\/\/likepaperbags.de\/wp-content\/uploads\/2020\/09\/Giesing-Naehmaschine-1024x768.jpg 1024w, https:\/\/likepaperbags.de\/wp-content\/uploads\/2020\/09\/Giesing-Naehmaschine-300x225.jpg 300w, https:\/\/likepaperbags.de\/wp-content\/uploads\/2020\/09\/Giesing-Naehmaschine-768x576.jpg 768w, https:\/\/likepaperbags.de\/wp-content\/uploads\/2020\/09\/Giesing-Naehmaschine.jpg 1200w\" sizes=\"auto, (max-width: 1024px) 100vw, 1024px\" \/><\/figure>\n\n\n\n<p>Find out more about linckx.\u00ae - our philosophy, our production facilities and our history!<\/p>\n<\/div>\n\n\n\n<div class=\"wp-block-column is-layout-flow wp-block-column-is-layout-flow\">\n<h2 class=\"has-text-align-center wp-block-heading\">For Resellers<\/h2>\n\n\n\n<figure class=\"wp-block-image size-large\"><img loading=\"lazy\" decoding=\"async\" width=\"1024\" height=\"768\" src=\"http:\/\/shop.likepaperbags.de\/wp-content\/uploads\/2020\/09\/Messe-HH_2017-1024x768.jpg\" alt=\"\" class=\"wp-image-429\" srcset=\"https:\/\/likepaperbags.de\/wp-content\/uploads\/2020\/09\/Messe-HH_2017-1024x768.jpg 1024w, https:\/\/likepaperbags.de\/wp-content\/uploads\/2020\/09\/Messe-HH_2017-300x225.jpg 300w, https:\/\/likepaperbags.de\/wp-content\/uploads\/2020\/09\/Messe-HH_2017-768x576.jpg 768w, https:\/\/likepaperbags.de\/wp-content\/uploads\/2020\/09\/Messe-HH_2017.jpg 1200w\" sizes=\"auto, (max-width: 1024px) 100vw, 1024px\" \/><\/figure>\n\n\n\n<p>On this page we have listed information for our retail customers.<\/p>\n<\/div>\n\n\n\n<div class=\"wp-block-column is-layout-flow wp-block-column-is-layout-flow\">\n<h2 class=\"has-text-align-center wp-block-heading\">Webshop<\/h2>\n\n\n\n<figure class=\"wp-block-image size-large\"><a href=\"https:\/\/shop.linckx.de\/de\/\" target=\"_blank\" rel=\"noopener noreferrer\"><img loading=\"lazy\" decoding=\"async\" width=\"900\" height=\"900\" src=\"http:\/\/shop.likepaperbags.de\/wp-content\/uploads\/2020\/09\/HOME-LogoWebshop-EN4.jpg\" alt=\"\" class=\"wp-image-471\" srcset=\"https:\/\/likepaperbags.de\/wp-content\/uploads\/2020\/09\/HOME-LogoWebshop-EN4.jpg 900w, https:\/\/likepaperbags.de\/wp-content\/uploads\/2020\/09\/HOME-LogoWebshop-EN4-300x300.jpg 300w, https:\/\/likepaperbags.de\/wp-content\/uploads\/2020\/09\/HOME-LogoWebshop-EN4-150x150.jpg 150w, https:\/\/likepaperbags.de\/wp-content\/uploads\/2020\/09\/HOME-LogoWebshop-EN4-768x768.jpg 768w\" sizes=\"auto, (max-width: 900px) 100vw, 900px\" \/><\/a><\/figure>\n\n\n\n<p>Buy our products here - in the big linckx.\u00ae webshop, you\u00b4ll find our complete range of products!<\/p>\n<\/div>\n<\/div>\n\n\n\n<div class=\"wp-block-columns is-layout-flex wp-container-core-columns-is-layout-9d6595d7 wp-block-columns-is-layout-flex\">\n<div class=\"wp-block-column is-layout-flow wp-block-column-is-layout-flow\">\n<h2 class=\"has-text-align-center wp-block-heading\">linckx.\u00ae Stores<\/h2>\n\n\n\n<figure class=\"wp-block-image size-large\"><img loading=\"lazy\" decoding=\"async\" width=\"800\" height=\"600\" src=\"http:\/\/shop.likepaperbags.de\/wp-content\/uploads\/2020\/09\/GMaps_Kartenausschnitt.jpg\" alt=\"\" class=\"wp-image-452\" srcset=\"https:\/\/likepaperbags.de\/wp-content\/uploads\/2020\/09\/GMaps_Kartenausschnitt.jpg 800w, https:\/\/likepaperbags.de\/wp-content\/uploads\/2020\/09\/GMaps_Kartenausschnitt-300x225.jpg 300w, https:\/\/likepaperbags.de\/wp-content\/uploads\/2020\/09\/GMaps_Kartenausschnitt-768x576.jpg 768w\" sizes=\"auto, (max-width: 800px) 100vw, 800px\" \/><\/figure>\n\n\n\n<p>Find stores nearby that sell our products!<\/p>\n<\/div>\n\n\n\n<div class=\"wp-block-column is-layout-flow wp-block-column-is-layout-flow\"><\/div>\n\n\n\n<div class=\"wp-block-column is-layout-flow wp-block-column-is-layout-flow\"><\/div>\n<\/div>","protected":false},"excerpt":{"rendered":"<p>\u00dcber linckx.\u00ae Erfahre mehr \u00fcber linckx.\u00ae &#8211; unsere Philosophie, unsere Produktionsst\u00e4tten und unsere Geschichte! F\u00fcr H\u00e4ndler Auf dieser Seite haben wir Informationen f\u00fcr unsere H\u00e4ndlerkunden zusammengestellt. Webshop Hier kannst Du unsere Produkte kaufen &#8211; im gro\u00dfen linckx.\u00ae Webshop gibt es unser komplettes Sortiment! linckx.\u00ae stores Finde L\u00e4den, die unsere Produkte f\u00fchren, auf dieser Google Maps&hellip;&nbsp;<a href=\"https:\/\/likepaperbags.de\/en\/infos\/\" rel=\"bookmark\">Read More &raquo;<span class=\"screen-reader-text\">Information<\/span><\/a><\/p>","protected":false},"author":1,"featured_media":0,"parent":0,"menu_order":44,"comment_status":"closed","ping_status":"closed","template":"","meta":{"neve_meta_sidebar":"full-width","neve_meta_container":"","neve_meta_enable_content_width":"on","neve_meta_content_width":100,"neve_meta_title_alignment":"","neve_meta_author_avatar":"","neve_post_elements_order":"","neve_meta_disable_header":"","neve_meta_disable_footer":"","neve_meta_disable_title":"","footnotes":""},"class_list":["post-423","page","type-page","status-publish","hentry"],"jetpack_sharing_enabled":true,"_links":{"self":[{"href":"https:\/\/likepaperbags.de\/en\/wp-json\/wp\/v2\/pages\/423","targetHints":{"allow":["GET"]}}],"collection":[{"href":"https:\/\/likepaperbags.de\/en\/wp-json\/wp\/v2\/pages"}],"about":[{"href":"https:\/\/likepaperbags.de\/en\/wp-json\/wp\/v2\/types\/page"}],"author":[{"embeddable":true,"href":"https:\/\/likepaperbags.de\/en\/wp-json\/wp\/v2\/users\/1"}],"replies":[{"embeddable":true,"href":"https:\/\/likepaperbags.de\/en\/wp-json\/wp\/v2\/comments?post=423"}],"version-history":[{"count":17,"href":"https:\/\/likepaperbags.de\/en\/wp-json\/wp\/v2\/pages\/423\/revisions"}],"predecessor-version":[{"id":480,"href":"https:\/\/likepaperbags.de\/en\/wp-json\/wp\/v2\/pages\/423\/revisions\/480"}],"wp:attachment":[{"href":"https:\/\/likepaperbags.de\/en\/wp-json\/wp\/v2\/media?parent=423"}],"curies":[{"name":"wp","href":"https:\/\/api.w.org\/{rel}","templated":true}]}}