{"id":461,"date":"2020-09-13T12:28:30","date_gmt":"2020-09-13T10:28:30","guid":{"rendered":"http:\/\/shop.likepaperbags.de\/?page_id=461"},"modified":"2025-01-02T13:09:06","modified_gmt":"2025-01-02T12:09:06","slug":"fuer-haendler","status":"publish","type":"page","link":"https:\/\/likepaperbags.de\/en\/infos\/fuer-haendler\/","title":{"rendered":"For Resellers"},"content":{"rendered":"<h2 class=\"wp-block-heading has-text-align-left\" id=\"messeteilnahmen-vertrieb\">Informationen f\u00fcr Einzelh\u00e4ndler und Firmen<\/h2>\n\n\n\n<p>Seit dem Jahr 2020 nehmen wir nicht mehr an Messen teil, das war u.a. &#8211; aber nicht nur &#8211; bedingt durch Covid, mit der Absage vieler Messen und der Schlie\u00dfung der station\u00e4ren L\u00e4den.<\/p>\n\n\n\n<p>Ab M\u00e4rz 2020 haben wir unsere Produktions- und Verkaufsprozesse umstellen m\u00fcssen. Wir bitten unsere H\u00e4ndlerkunden und Wiederverk\u00e4ufer um Verst\u00e4ndnis, dass wir seit Mai 2021 keine Bestellungen mehr annehmen k\u00f6nnen. <\/p>\n\n\n\n<p>Der Direktverkauf an Endverbraucher*innen \u00fcber den Webshop ist seit Juni 2023 ebenfalls gestoppt.<\/p>\n\n\n\n<div style=\"height:40px\" aria-hidden=\"true\" class=\"wp-block-spacer\"><\/div>","protected":false},"excerpt":{"rendered":"<p>Informationen f\u00fcr Einzelh\u00e4ndler und Firmen Seit dem Jahr 2020 nehmen wir nicht mehr an Messen teil, das war u.a. &#8211; aber nicht nur &#8211; bedingt durch Covid, mit der Absage vieler Messen und der Schlie\u00dfung der station\u00e4ren L\u00e4den. Ab M\u00e4rz 2020 haben wir unsere Produktions- und Verkaufsprozesse umstellen m\u00fcssen. Wir bitten unsere H\u00e4ndlerkunden und Wiederverk\u00e4ufer&hellip;&nbsp;<a href=\"https:\/\/likepaperbags.de\/en\/infos\/fuer-haendler\/\" rel=\"bookmark\">Read More &raquo;<span class=\"screen-reader-text\">For Resellers<\/span><\/a><\/p>","protected":false},"author":1,"featured_media":0,"parent":423,"menu_order":20,"comment_status":"closed","ping_status":"closed","template":"","meta":{"neve_meta_sidebar":"default","neve_meta_container":"default","neve_meta_enable_content_width":"off","neve_meta_content_width":100,"neve_meta_title_alignment":"","neve_meta_author_avatar":"","neve_post_elements_order":"","neve_meta_disable_header":"","neve_meta_disable_footer":"","neve_meta_disable_title":"","footnotes":""},"class_list":["post-461","page","type-page","status-publish","hentry"],"jetpack_sharing_enabled":true,"_links":{"self":[{"href":"https:\/\/likepaperbags.de\/en\/wp-json\/wp\/v2\/pages\/461","targetHints":{"allow":["GET"]}}],"collection":[{"href":"https:\/\/likepaperbags.de\/en\/wp-json\/wp\/v2\/pages"}],"about":[{"href":"https:\/\/likepaperbags.de\/en\/wp-json\/wp\/v2\/types\/page"}],"author":[{"embeddable":true,"href":"https:\/\/likepaperbags.de\/en\/wp-json\/wp\/v2\/users\/1"}],"replies":[{"embeddable":true,"href":"https:\/\/likepaperbags.de\/en\/wp-json\/wp\/v2\/comments?post=461"}],"version-history":[{"count":23,"href":"https:\/\/likepaperbags.de\/en\/wp-json\/wp\/v2\/pages\/461\/revisions"}],"predecessor-version":[{"id":953,"href":"https:\/\/likepaperbags.de\/en\/wp-json\/wp\/v2\/pages\/461\/revisions\/953"}],"up":[{"embeddable":true,"href":"https:\/\/likepaperbags.de\/en\/wp-json\/wp\/v2\/pages\/423"}],"wp:attachment":[{"href":"https:\/\/likepaperbags.de\/en\/wp-json\/wp\/v2\/media?parent=461"}],"curies":[{"name":"wp","href":"https:\/\/api.w.org\/{rel}","templated":true}]}}