{"id":824,"date":"2021-08-22T17:02:47","date_gmt":"2021-08-22T15:02:47","guid":{"rendered":"https:\/\/likepaperbags.de\/?page_id=824"},"modified":"2025-01-02T13:34:26","modified_gmt":"2025-01-02T12:34:26","slug":"webshop","status":"publish","type":"page","link":"https:\/\/likepaperbags.de\/en\/infos\/webshop\/","title":{"rendered":"Webshop"},"content":{"rendered":"<div class=\"wp-block-image is-style-rounded\">\n<figure class=\"aligncenter size-medium\"><img loading=\"lazy\" decoding=\"async\" width=\"300\" height=\"200\" src=\"https:\/\/likepaperbags.de\/wp-content\/uploads\/2025\/01\/verbotsschild_warenkorb_900x600-1-300x200.jpg\" alt=\"\" class=\"wp-image-941\" srcset=\"https:\/\/likepaperbags.de\/wp-content\/uploads\/2025\/01\/verbotsschild_warenkorb_900x600-1-300x200.jpg 300w, https:\/\/likepaperbags.de\/wp-content\/uploads\/2025\/01\/verbotsschild_warenkorb_900x600-1-768x512.jpg 768w, https:\/\/likepaperbags.de\/wp-content\/uploads\/2025\/01\/verbotsschild_warenkorb_900x600-1-18x12.jpg 18w, https:\/\/likepaperbags.de\/wp-content\/uploads\/2025\/01\/verbotsschild_warenkorb_900x600-1.jpg 900w\" sizes=\"auto, (max-width: 300px) 100vw, 300px\" \/><\/figure>\n<\/div>\n\n\n<p class=\"has-text-align-center\">Leider haben wir den WEBSHOP seit Juni 2023 aus privaten Gr\u00fcnden geschlossen, aber \u00fcber den Button unten kommt Ihr zu einer Karte mit L\u00e4den, die unsere Produkte f\u00fchren:<\/p>\n\n\n\n<div class=\"wp-block-buttons is-content-justification-center is-layout-flex wp-container-core-buttons-is-layout-16018d1d wp-block-buttons-is-layout-flex\">\n<div class=\"wp-block-button is-style-secondary\"><a class=\"wp-block-button__link wp-element-button\" href=\"https:\/\/likepaperbags.de\/en\/infos\/stores\/\" target=\"_blank\" rel=\"noreferrer noopener\">L\u00e4den \u00dcbersicht<\/a><\/div>\n<\/div>\n\n\n\n<div style=\"height:30px\" aria-hidden=\"true\" class=\"wp-block-spacer\"><\/div>\n\n\n\n<p class=\"has-text-align-center\">Wir haben vor den Webshop wieder zu \u00f6ffnen, sobald es zeitlich m\u00f6glich ist, also schaut immer wieder mal rein!<\/p>\n\n\n\n<blockquote class=\"wp-block-quote has-text-align-center is-layout-flow wp-block-quote-is-layout-flow\">\n<p><\/p>\n<\/blockquote>","protected":false},"excerpt":{"rendered":"<p>Leider haben wir den WEBSHOP seit Juni 2023 aus privaten Gr\u00fcnden geschlossen, aber \u00fcber den Button unten kommt Ihr zu einer Karte mit L\u00e4den, die unsere Produkte f\u00fchren: Wir haben vor den Webshop wieder zu \u00f6ffnen, sobald es zeitlich m\u00f6glich ist, also schaut immer wieder mal rein!<\/p>","protected":false},"author":1,"featured_media":0,"parent":423,"menu_order":0,"comment_status":"closed","ping_status":"closed","template":"","meta":{"neve_meta_sidebar":"full-width","neve_meta_container":"","neve_meta_enable_content_width":"on","neve_meta_content_width":100,"neve_meta_title_alignment":"","neve_meta_author_avatar":"","neve_post_elements_order":"","neve_meta_disable_header":"","neve_meta_disable_footer":"","neve_meta_disable_title":"","footnotes":""},"class_list":["post-824","page","type-page","status-publish","hentry"],"jetpack_sharing_enabled":true,"_links":{"self":[{"href":"https:\/\/likepaperbags.de\/en\/wp-json\/wp\/v2\/pages\/824","targetHints":{"allow":["GET"]}}],"collection":[{"href":"https:\/\/likepaperbags.de\/en\/wp-json\/wp\/v2\/pages"}],"about":[{"href":"https:\/\/likepaperbags.de\/en\/wp-json\/wp\/v2\/types\/page"}],"author":[{"embeddable":true,"href":"https:\/\/likepaperbags.de\/en\/wp-json\/wp\/v2\/users\/1"}],"replies":[{"embeddable":true,"href":"https:\/\/likepaperbags.de\/en\/wp-json\/wp\/v2\/comments?post=824"}],"version-history":[{"count":11,"href":"https:\/\/likepaperbags.de\/en\/wp-json\/wp\/v2\/pages\/824\/revisions"}],"predecessor-version":[{"id":966,"href":"https:\/\/likepaperbags.de\/en\/wp-json\/wp\/v2\/pages\/824\/revisions\/966"}],"up":[{"embeddable":true,"href":"https:\/\/likepaperbags.de\/en\/wp-json\/wp\/v2\/pages\/423"}],"wp:attachment":[{"href":"https:\/\/likepaperbags.de\/en\/wp-json\/wp\/v2\/media?parent=824"}],"curies":[{"name":"wp","href":"https:\/\/api.w.org\/{rel}","templated":true}]}}